{"id":89,"date":"2020-06-03T12:38:39","date_gmt":"2020-06-03T12:38:39","guid":{"rendered":"http:\/\/americainterhotel.ms.decms.eu\/?page_id=89"},"modified":"2025-11-18T18:50:25","modified_gmt":"2025-11-18T18:50:25","slug":"massage","status":"publish","type":"page","link":"https:\/\/www.interhotel-america.com\/de\/wellness\/massage\/","title":{"rendered":"Massage"},"content":{"rendered":"<p class=\"Standard\"><span lang=\"DE\">Entspannung f\u00fcr K\u00f6rper und Seele.<\/span><\/p>\n<ul>\n<li class=\"Standard\"><span lang=\"DE\">R\u00fccken und Nacken,\u00a0<\/span><\/li>\n<li class=\"Standard\"><span lang=\"DE\">R\u00fccken und Nacken,<\/span><\/li>\n<li class=\"Standard\"><span lang=\"DE\">Hals, 20 Minuten,\u00a0<\/span><\/li>\n<li class=\"Standard\"><span lang=\"DE\">F\u00fc\u00dfe, 20 Minuten,<\/span><\/li>\n<li class=\"Standard\"><span lang=\"DE\">Ganzk\u00f6rpermassage, 120 Minuten,\u00a0<\/span><\/li>\n<\/ul>\n<p>Alle Preise sind der aktuellen Preisliste an der Rezeption zu entnehmen.<\/p>\n","protected":false},"excerpt":{"rendered":"<p>Entspannung f\u00fcr K\u00f6rper und Seele. R\u00fccken und Nacken,\u00a0 R\u00fccken und Nacken, Hals, 20 Minuten,\u00a0 F\u00fc\u00dfe, [&hellip;]<\/p>\n","protected":false},"author":6,"featured_media":81,"parent":25,"menu_order":31,"comment_status":"closed","ping_status":"closed","template":"","meta":{"footnotes":""},"class_list":["post-89","page","type-page","status-publish","has-post-thumbnail","hentry"],"yoast_head":"<!-- This site is optimized with the Yoast SEO plugin v26.9 - https:\/\/yoast.com\/product\/yoast-seo-wordpress\/ -->\n<title>Massage - Interhotel America<\/title>\n<meta name=\"robots\" content=\"index, follow, max-snippet:-1, max-image-preview:large, max-video-preview:-1\" \/>\n<link rel=\"canonical\" href=\"https:\/\/www.interhotel-america.com\/de\/wellness\/massage\/\" \/>\n<meta property=\"og:locale\" content=\"de_DE\" \/>\n<meta property=\"og:type\" content=\"article\" \/>\n<meta property=\"og:title\" content=\"Massage - Interhotel America\" \/>\n<meta property=\"og:description\" content=\"Entspannung f\u00fcr K\u00f6rper und Seele. R\u00fccken und Nacken,\u00a0 R\u00fccken und Nacken, Hals, 20 Minuten,\u00a0 F\u00fc\u00dfe, [&hellip;]\" \/>\n<meta property=\"og:url\" content=\"https:\/\/www.interhotel-america.com\/de\/wellness\/massage\/\" \/>\n<meta property=\"og:site_name\" content=\"Interhotel America\" \/>\n<meta property=\"article:modified_time\" content=\"2025-11-18T18:50:25+00:00\" \/>\n<meta property=\"og:image\" content=\"http:\/\/www.interhotel-america.com\/wp-content\/uploads\/sites\/154\/2020\/03\/DSC01219.jpg\" \/>\n\t<meta property=\"og:image:width\" content=\"1200\" \/>\n\t<meta property=\"og:image:height\" content=\"655\" \/>\n\t<meta property=\"og:image:type\" content=\"image\/jpeg\" \/>\n<meta name=\"twitter:card\" content=\"summary_large_image\" \/>\n<meta name=\"twitter:label1\" content=\"Gesch\u00e4tzte Lesezeit\" \/>\n\t<meta name=\"twitter:data1\" content=\"1 Minute\" \/>\n<script type=\"application\/ld+json\" class=\"yoast-schema-graph\">{\"@context\":\"https:\/\/schema.org\",\"@graph\":[{\"@type\":\"WebPage\",\"@id\":\"https:\/\/www.interhotel-america.com\/de\/wellness\/massage\/\",\"url\":\"https:\/\/www.interhotel-america.com\/de\/wellness\/massage\/\",\"name\":\"Massage - Interhotel America\",\"isPartOf\":{\"@id\":\"https:\/\/www.interhotel-america.com\/de\/#website\"},\"primaryImageOfPage\":{\"@id\":\"https:\/\/www.interhotel-america.com\/de\/wellness\/massage\/#primaryimage\"},\"image\":{\"@id\":\"https:\/\/www.interhotel-america.com\/de\/wellness\/massage\/#primaryimage\"},\"thumbnailUrl\":\"https:\/\/www.interhotel-america.com\/wp-content\/uploads\/sites\/154\/2020\/03\/DSC01219.jpg\",\"datePublished\":\"2020-06-03T12:38:39+00:00\",\"dateModified\":\"2025-11-18T18:50:25+00:00\",\"breadcrumb\":{\"@id\":\"https:\/\/www.interhotel-america.com\/de\/wellness\/massage\/#breadcrumb\"},\"inLanguage\":\"de-DE\",\"potentialAction\":[{\"@type\":\"ReadAction\",\"target\":[\"https:\/\/www.interhotel-america.com\/de\/wellness\/massage\/\"]}]},{\"@type\":\"ImageObject\",\"inLanguage\":\"de-DE\",\"@id\":\"https:\/\/www.interhotel-america.com\/de\/wellness\/massage\/#primaryimage\",\"url\":\"https:\/\/www.interhotel-america.com\/wp-content\/uploads\/sites\/154\/2020\/03\/DSC01219.jpg\",\"contentUrl\":\"https:\/\/www.interhotel-america.com\/wp-content\/uploads\/sites\/154\/2020\/03\/DSC01219.jpg\",\"width\":1200,\"height\":655},{\"@type\":\"BreadcrumbList\",\"@id\":\"https:\/\/www.interhotel-america.com\/de\/wellness\/massage\/#breadcrumb\",\"itemListElement\":[{\"@type\":\"ListItem\",\"position\":1,\"name\":\"Home\",\"item\":\"https:\/\/www.interhotel-america.com\/de\/\"},{\"@type\":\"ListItem\",\"position\":2,\"name\":\"Wellness\",\"item\":\"https:\/\/www.interhotel-america.com\/de\/wellness\/\"},{\"@type\":\"ListItem\",\"position\":3,\"name\":\"Massage\"}]},{\"@type\":\"WebSite\",\"@id\":\"https:\/\/www.interhotel-america.com\/de\/#website\",\"url\":\"https:\/\/www.interhotel-america.com\/de\/\",\"name\":\"Interhotel America\",\"description\":\"Just another ms.decms.eu site\",\"potentialAction\":[{\"@type\":\"SearchAction\",\"target\":{\"@type\":\"EntryPoint\",\"urlTemplate\":\"https:\/\/www.interhotel-america.com\/de\/?s={search_term_string}\"},\"query-input\":{\"@type\":\"PropertyValueSpecification\",\"valueRequired\":true,\"valueName\":\"search_term_string\"}}],\"inLanguage\":\"de-DE\"}]}<\/script>\n<!-- \/ Yoast SEO plugin. -->","yoast_head_json":{"title":"Massage - Interhotel America","robots":{"index":"index","follow":"follow","max-snippet":"max-snippet:-1","max-image-preview":"max-image-preview:large","max-video-preview":"max-video-preview:-1"},"canonical":"https:\/\/www.interhotel-america.com\/de\/wellness\/massage\/","og_locale":"de_DE","og_type":"article","og_title":"Massage - Interhotel America","og_description":"Entspannung f\u00fcr K\u00f6rper und Seele. R\u00fccken und Nacken,\u00a0 R\u00fccken und Nacken, Hals, 20 Minuten,\u00a0 F\u00fc\u00dfe, [&hellip;]","og_url":"https:\/\/www.interhotel-america.com\/de\/wellness\/massage\/","og_site_name":"Interhotel America","article_modified_time":"2025-11-18T18:50:25+00:00","og_image":[{"width":1200,"height":655,"url":"http:\/\/www.interhotel-america.com\/wp-content\/uploads\/sites\/154\/2020\/03\/DSC01219.jpg","type":"image\/jpeg"}],"twitter_card":"summary_large_image","twitter_misc":{"Gesch\u00e4tzte Lesezeit":"1 Minute"},"schema":{"@context":"https:\/\/schema.org","@graph":[{"@type":"WebPage","@id":"https:\/\/www.interhotel-america.com\/de\/wellness\/massage\/","url":"https:\/\/www.interhotel-america.com\/de\/wellness\/massage\/","name":"Massage - Interhotel America","isPartOf":{"@id":"https:\/\/www.interhotel-america.com\/de\/#website"},"primaryImageOfPage":{"@id":"https:\/\/www.interhotel-america.com\/de\/wellness\/massage\/#primaryimage"},"image":{"@id":"https:\/\/www.interhotel-america.com\/de\/wellness\/massage\/#primaryimage"},"thumbnailUrl":"https:\/\/www.interhotel-america.com\/wp-content\/uploads\/sites\/154\/2020\/03\/DSC01219.jpg","datePublished":"2020-06-03T12:38:39+00:00","dateModified":"2025-11-18T18:50:25+00:00","breadcrumb":{"@id":"https:\/\/www.interhotel-america.com\/de\/wellness\/massage\/#breadcrumb"},"inLanguage":"de-DE","potentialAction":[{"@type":"ReadAction","target":["https:\/\/www.interhotel-america.com\/de\/wellness\/massage\/"]}]},{"@type":"ImageObject","inLanguage":"de-DE","@id":"https:\/\/www.interhotel-america.com\/de\/wellness\/massage\/#primaryimage","url":"https:\/\/www.interhotel-america.com\/wp-content\/uploads\/sites\/154\/2020\/03\/DSC01219.jpg","contentUrl":"https:\/\/www.interhotel-america.com\/wp-content\/uploads\/sites\/154\/2020\/03\/DSC01219.jpg","width":1200,"height":655},{"@type":"BreadcrumbList","@id":"https:\/\/www.interhotel-america.com\/de\/wellness\/massage\/#breadcrumb","itemListElement":[{"@type":"ListItem","position":1,"name":"Home","item":"https:\/\/www.interhotel-america.com\/de\/"},{"@type":"ListItem","position":2,"name":"Wellness","item":"https:\/\/www.interhotel-america.com\/de\/wellness\/"},{"@type":"ListItem","position":3,"name":"Massage"}]},{"@type":"WebSite","@id":"https:\/\/www.interhotel-america.com\/de\/#website","url":"https:\/\/www.interhotel-america.com\/de\/","name":"Interhotel America","description":"Just another ms.decms.eu site","potentialAction":[{"@type":"SearchAction","target":{"@type":"EntryPoint","urlTemplate":"https:\/\/www.interhotel-america.com\/de\/?s={search_term_string}"},"query-input":{"@type":"PropertyValueSpecification","valueRequired":true,"valueName":"search_term_string"}}],"inLanguage":"de-DE"}]}},"acf":[],"_links":{"self":[{"href":"https:\/\/www.interhotel-america.com\/de\/wp-json\/wp\/v2\/pages\/89","targetHints":{"allow":["GET"]}}],"collection":[{"href":"https:\/\/www.interhotel-america.com\/de\/wp-json\/wp\/v2\/pages"}],"about":[{"href":"https:\/\/www.interhotel-america.com\/de\/wp-json\/wp\/v2\/types\/page"}],"author":[{"embeddable":true,"href":"https:\/\/www.interhotel-america.com\/de\/wp-json\/wp\/v2\/users\/6"}],"replies":[{"embeddable":true,"href":"https:\/\/www.interhotel-america.com\/de\/wp-json\/wp\/v2\/comments?post=89"}],"version-history":[{"count":0,"href":"https:\/\/www.interhotel-america.com\/de\/wp-json\/wp\/v2\/pages\/89\/revisions"}],"up":[{"embeddable":true,"href":"https:\/\/www.interhotel-america.com\/de\/wp-json\/wp\/v2\/pages\/25"}],"wp:featuredmedia":[{"embeddable":true,"href":"https:\/\/www.interhotel-america.com\/de\/wp-json\/wp\/v2\/media\/81"}],"wp:attachment":[{"href":"https:\/\/www.interhotel-america.com\/de\/wp-json\/wp\/v2\/media?parent=89"}],"curies":[{"name":"wp","href":"https:\/\/api.w.org\/{rel}","templated":true}]}}