{"id":19,"date":"2020-03-13T16:11:27","date_gmt":"2020-03-13T16:11:27","guid":{"rendered":"http:\/\/americainterhotel.ms.decms.eu\/restaurace\/"},"modified":"2020-06-03T13:32:00","modified_gmt":"2020-06-03T13:32:00","slug":"restaurant","status":"publish","type":"page","link":"https:\/\/www.interhotel-america.com\/de\/restaurant\/","title":{"rendered":"Restaurant"},"content":{"rendered":"<p class=\"Standard\"><span lang=\"DE\">Unser Restaurant hat einen atemberaubenden Blick \u00fcber die ganze Stadt, da sich das Hotel in exklusiver Lage einer erh\u00f6hten Liegenschaft (auf einem H\u00fcgel) befindet. Ob regional, international, vegetarisch, vegan oder mit Extra-W\u00fcnschen; wir geben unser Bestes, um Ihnen den passenden Gaumenschmaus bieten zu k\u00f6nnen. In der Bar genie\u00dfen Sie einen ebenso sch\u00f6nen Ausblick auf Natur und Stadt mit internationalen Drinks und Snacks.<\/span><span lang=\"DE\">\u00a0<\/span><\/p>\n<p class=\"Standard\"><span lang=\"DE\"><strong>Einen Tisch reservieren<\/strong><br \/>\n<\/span><span lang=\"DE\">Buchen Sie kostenlos einen Tisch<\/span><\/p>\n<p class=\"Standard\"><span lang=\"DE\">F\u00fcr Firmenveranstaltungen bieten wir nach Vereinbarung ein komplettes Catering an, einschlie\u00dflich Kaffeepausen, Cocktails und Verkostungen mit fachkundiger Expertise.<\/span><\/p>\n<p class=\"Standard\"><span lang=\"DE\">\u00d6ffnungszeiten des Restaurants:<\/span><\/p>\n<p class=\"Standard\"><span lang=\"DE\">Montag bis Freitag von 7.00 Uhr bis 10.00 Uhr und von 17.00 Uhr bis 22.00 Uhr<br \/>\n<\/span><span lang=\"DE\">Samstag und Sonntag von 8.00 Uhr bis 11.00 Uhr und von 17.00 Uhr bis 22.00 Uhr<\/span><\/p>\n<p class=\"Standard\"><span lang=\"DE\">Wir bieten Mittagsmen\u00fcs f\u00fcr Gruppen, Unternehmen und Reiseb\u00fcros auf Bestellung.<\/span><\/p>\n","protected":false},"excerpt":{"rendered":"<p>Unser Restaurant hat einen atemberaubenden Blick \u00fcber die ganze Stadt, da sich das Hotel in [&hellip;]<\/p>\n","protected":false},"author":6,"featured_media":74,"parent":0,"menu_order":20,"comment_status":"closed","ping_status":"closed","template":"","meta":{"footnotes":""},"class_list":["post-19","page","type-page","status-publish","has-post-thumbnail","hentry"],"yoast_head":"<!-- This site is optimized with the Yoast SEO plugin v26.9 - https:\/\/yoast.com\/product\/yoast-seo-wordpress\/ -->\n<title>Restaurant - Interhotel America<\/title>\n<meta name=\"robots\" content=\"index, follow, max-snippet:-1, max-image-preview:large, max-video-preview:-1\" \/>\n<link rel=\"canonical\" href=\"https:\/\/www.interhotel-america.com\/de\/restaurant\/\" \/>\n<meta property=\"og:locale\" content=\"de_DE\" \/>\n<meta property=\"og:type\" content=\"article\" \/>\n<meta property=\"og:title\" content=\"Restaurant - Interhotel America\" \/>\n<meta property=\"og:description\" content=\"Unser Restaurant hat einen atemberaubenden Blick \u00fcber die ganze Stadt, da sich das Hotel in [&hellip;]\" \/>\n<meta property=\"og:url\" content=\"https:\/\/www.interhotel-america.com\/de\/restaurant\/\" \/>\n<meta property=\"og:site_name\" content=\"Interhotel America\" \/>\n<meta property=\"article:modified_time\" content=\"2020-06-03T13:32:00+00:00\" \/>\n<meta property=\"og:image\" content=\"https:\/\/www.interhotel-america.com\/wp-content\/uploads\/sites\/154\/2020\/03\/DSC01461.jpg\" \/>\n\t<meta property=\"og:image:width\" content=\"1200\" \/>\n\t<meta property=\"og:image:height\" content=\"655\" \/>\n\t<meta property=\"og:image:type\" content=\"image\/jpeg\" \/>\n<meta name=\"twitter:card\" content=\"summary_large_image\" \/>\n<meta name=\"twitter:label1\" content=\"Gesch\u00e4tzte Lesezeit\" \/>\n\t<meta name=\"twitter:data1\" content=\"1 Minute\" \/>\n<script type=\"application\/ld+json\" class=\"yoast-schema-graph\">{\"@context\":\"https:\/\/schema.org\",\"@graph\":[{\"@type\":\"WebPage\",\"@id\":\"https:\/\/www.interhotel-america.com\/de\/restaurant\/\",\"url\":\"https:\/\/www.interhotel-america.com\/de\/restaurant\/\",\"name\":\"Restaurant - Interhotel America\",\"isPartOf\":{\"@id\":\"https:\/\/www.interhotel-america.com\/de\/#website\"},\"primaryImageOfPage\":{\"@id\":\"https:\/\/www.interhotel-america.com\/de\/restaurant\/#primaryimage\"},\"image\":{\"@id\":\"https:\/\/www.interhotel-america.com\/de\/restaurant\/#primaryimage\"},\"thumbnailUrl\":\"https:\/\/www.interhotel-america.com\/wp-content\/uploads\/sites\/154\/2020\/03\/DSC01461.jpg\",\"datePublished\":\"2020-03-13T16:11:27+00:00\",\"dateModified\":\"2020-06-03T13:32:00+00:00\",\"breadcrumb\":{\"@id\":\"https:\/\/www.interhotel-america.com\/de\/restaurant\/#breadcrumb\"},\"inLanguage\":\"de-DE\",\"potentialAction\":[{\"@type\":\"ReadAction\",\"target\":[\"https:\/\/www.interhotel-america.com\/de\/restaurant\/\"]}]},{\"@type\":\"ImageObject\",\"inLanguage\":\"de-DE\",\"@id\":\"https:\/\/www.interhotel-america.com\/de\/restaurant\/#primaryimage\",\"url\":\"https:\/\/www.interhotel-america.com\/wp-content\/uploads\/sites\/154\/2020\/03\/DSC01461.jpg\",\"contentUrl\":\"https:\/\/www.interhotel-america.com\/wp-content\/uploads\/sites\/154\/2020\/03\/DSC01461.jpg\",\"width\":1200,\"height\":655},{\"@type\":\"BreadcrumbList\",\"@id\":\"https:\/\/www.interhotel-america.com\/de\/restaurant\/#breadcrumb\",\"itemListElement\":[{\"@type\":\"ListItem\",\"position\":1,\"name\":\"Home\",\"item\":\"https:\/\/www.interhotel-america.com\/de\/\"},{\"@type\":\"ListItem\",\"position\":2,\"name\":\"Restaurant\"}]},{\"@type\":\"WebSite\",\"@id\":\"https:\/\/www.interhotel-america.com\/de\/#website\",\"url\":\"https:\/\/www.interhotel-america.com\/de\/\",\"name\":\"Interhotel America\",\"description\":\"Just another ms.decms.eu site\",\"potentialAction\":[{\"@type\":\"SearchAction\",\"target\":{\"@type\":\"EntryPoint\",\"urlTemplate\":\"https:\/\/www.interhotel-america.com\/de\/?s={search_term_string}\"},\"query-input\":{\"@type\":\"PropertyValueSpecification\",\"valueRequired\":true,\"valueName\":\"search_term_string\"}}],\"inLanguage\":\"de-DE\"}]}<\/script>\n<!-- \/ Yoast SEO plugin. -->","yoast_head_json":{"title":"Restaurant - Interhotel America","robots":{"index":"index","follow":"follow","max-snippet":"max-snippet:-1","max-image-preview":"max-image-preview:large","max-video-preview":"max-video-preview:-1"},"canonical":"https:\/\/www.interhotel-america.com\/de\/restaurant\/","og_locale":"de_DE","og_type":"article","og_title":"Restaurant - Interhotel America","og_description":"Unser Restaurant hat einen atemberaubenden Blick \u00fcber die ganze Stadt, da sich das Hotel in [&hellip;]","og_url":"https:\/\/www.interhotel-america.com\/de\/restaurant\/","og_site_name":"Interhotel America","article_modified_time":"2020-06-03T13:32:00+00:00","og_image":[{"width":1200,"height":655,"url":"https:\/\/www.interhotel-america.com\/wp-content\/uploads\/sites\/154\/2020\/03\/DSC01461.jpg","type":"image\/jpeg"}],"twitter_card":"summary_large_image","twitter_misc":{"Gesch\u00e4tzte Lesezeit":"1 Minute"},"schema":{"@context":"https:\/\/schema.org","@graph":[{"@type":"WebPage","@id":"https:\/\/www.interhotel-america.com\/de\/restaurant\/","url":"https:\/\/www.interhotel-america.com\/de\/restaurant\/","name":"Restaurant - Interhotel America","isPartOf":{"@id":"https:\/\/www.interhotel-america.com\/de\/#website"},"primaryImageOfPage":{"@id":"https:\/\/www.interhotel-america.com\/de\/restaurant\/#primaryimage"},"image":{"@id":"https:\/\/www.interhotel-america.com\/de\/restaurant\/#primaryimage"},"thumbnailUrl":"https:\/\/www.interhotel-america.com\/wp-content\/uploads\/sites\/154\/2020\/03\/DSC01461.jpg","datePublished":"2020-03-13T16:11:27+00:00","dateModified":"2020-06-03T13:32:00+00:00","breadcrumb":{"@id":"https:\/\/www.interhotel-america.com\/de\/restaurant\/#breadcrumb"},"inLanguage":"de-DE","potentialAction":[{"@type":"ReadAction","target":["https:\/\/www.interhotel-america.com\/de\/restaurant\/"]}]},{"@type":"ImageObject","inLanguage":"de-DE","@id":"https:\/\/www.interhotel-america.com\/de\/restaurant\/#primaryimage","url":"https:\/\/www.interhotel-america.com\/wp-content\/uploads\/sites\/154\/2020\/03\/DSC01461.jpg","contentUrl":"https:\/\/www.interhotel-america.com\/wp-content\/uploads\/sites\/154\/2020\/03\/DSC01461.jpg","width":1200,"height":655},{"@type":"BreadcrumbList","@id":"https:\/\/www.interhotel-america.com\/de\/restaurant\/#breadcrumb","itemListElement":[{"@type":"ListItem","position":1,"name":"Home","item":"https:\/\/www.interhotel-america.com\/de\/"},{"@type":"ListItem","position":2,"name":"Restaurant"}]},{"@type":"WebSite","@id":"https:\/\/www.interhotel-america.com\/de\/#website","url":"https:\/\/www.interhotel-america.com\/de\/","name":"Interhotel America","description":"Just another ms.decms.eu site","potentialAction":[{"@type":"SearchAction","target":{"@type":"EntryPoint","urlTemplate":"https:\/\/www.interhotel-america.com\/de\/?s={search_term_string}"},"query-input":{"@type":"PropertyValueSpecification","valueRequired":true,"valueName":"search_term_string"}}],"inLanguage":"de-DE"}]}},"acf":[],"_links":{"self":[{"href":"https:\/\/www.interhotel-america.com\/de\/wp-json\/wp\/v2\/pages\/19","targetHints":{"allow":["GET"]}}],"collection":[{"href":"https:\/\/www.interhotel-america.com\/de\/wp-json\/wp\/v2\/pages"}],"about":[{"href":"https:\/\/www.interhotel-america.com\/de\/wp-json\/wp\/v2\/types\/page"}],"author":[{"embeddable":true,"href":"https:\/\/www.interhotel-america.com\/de\/wp-json\/wp\/v2\/users\/6"}],"replies":[{"embeddable":true,"href":"https:\/\/www.interhotel-america.com\/de\/wp-json\/wp\/v2\/comments?post=19"}],"version-history":[{"count":0,"href":"https:\/\/www.interhotel-america.com\/de\/wp-json\/wp\/v2\/pages\/19\/revisions"}],"wp:featuredmedia":[{"embeddable":true,"href":"https:\/\/www.interhotel-america.com\/de\/wp-json\/wp\/v2\/media\/74"}],"wp:attachment":[{"href":"https:\/\/www.interhotel-america.com\/de\/wp-json\/wp\/v2\/media?parent=19"}],"curies":[{"name":"wp","href":"https:\/\/api.w.org\/{rel}","templated":true}]}}