{"id":11,"date":"2020-03-13T15:39:27","date_gmt":"2020-03-13T15:39:27","guid":{"rendered":"http:\/\/americainterhotel.ms.decms.eu\/?page_id=11"},"modified":"2025-11-18T18:46:19","modified_gmt":"2025-11-18T18:46:19","slug":"interhotel-america","status":"publish","type":"page","link":"https:\/\/www.interhotel-america.com\/de\/","title":{"rendered":"INTERHOTEL AMERICA"},"content":{"rendered":"<p><strong>Das 4-Sterne Hotel Interhotel America liegt verkehrsg\u00fcnstig in der s\u00fcdb\u00f6hmischen Region zwischen idyllischen W\u00e4ldern und Gebirge, aber dennoch nah zur Altstadt Pisek. Das Geb\u00e4ude steht auf einem ruhigen, park\u00e4hnlichen Gel\u00e4nde mit nahe gelegenen Seen und einem Spielplatz.<\/strong> Unser gehobenes Restaurant fusioniert tschechische und internationale K\u00fcche miteinander und bietetIhnen so eine gro\u00dfe Auswahl an Gerichten.<\/p>\n<p>Unser Hotel ist der perfekte Start f\u00fcr eine Reihe gro\u00dfartiger Ausfl\u00fcge. Das Hotel ist ideal f\u00fcr l\u00e4ngere und erholsame Aufenthalte.<br \/>\nDar\u00fcber hinaus l\u00e4dt Sie Interhotel America in unserem weitl\u00e4ufigen Wellnessbereich ein, in dem Sie entspannt im beheizten Innenpool baden. Aus den Balkonen unserer Zimmer k\u00f6nnen Sie den s\u00fcdb\u00f6hmischen W\u00e4ldern lauschen. Nach einer langen Wanderung k\u00f6nnen Sie sich auf ein exquisites Abendessen im eleganten Restaurant freuen. Frisch zubereitete Gerichte aus regionalen Produkten, die gut zu einem Glas Wein passen, runden so Ihren Urlaub perfekt ab.<\/p>\n<p>Wir bieten 36 Doppelzimmer mit Terrassen, 3 Suiten mit Terrassen f\u00fcr den privaten Gebrauch und eine Familiensuite mit 2 Schlafzimmern und einem Wohnzimmer an.<\/p>\n<ul>\n<li>Alle Zimmer sind standardm\u00e4\u00dfig ausgestattet.<\/li>\n<li>Kingsize-Betten 200 \u00d7 200 cm<\/li>\n<li>Privates Badezimmer mit Dusche oder Badewanne<\/li>\n<li>Toilette, Minibar, Haartrockner, Telefon<\/li>\n<li>Internetverbindung \u00fcber WLAN.<\/li>\n<\/ul>\n<p>&nbsp;<\/p>\n","protected":false},"excerpt":{"rendered":"<p>Das 4-Sterne Hotel Interhotel America liegt verkehrsg\u00fcnstig in der s\u00fcdb\u00f6hmischen Region zwischen idyllischen W\u00e4ldern und [&hellip;]<\/p>\n","protected":false},"author":6,"featured_media":0,"parent":0,"menu_order":0,"comment_status":"closed","ping_status":"closed","template":"","meta":{"footnotes":""},"class_list":["post-11","page","type-page","status-publish","hentry"],"yoast_head":"<!-- This site is optimized with the Yoast SEO plugin v26.9 - https:\/\/yoast.com\/product\/yoast-seo-wordpress\/ -->\n<title>INTERHOTEL AMERICA - Interhotel America<\/title>\n<meta name=\"robots\" content=\"index, follow, max-snippet:-1, max-image-preview:large, max-video-preview:-1\" \/>\n<link rel=\"canonical\" href=\"https:\/\/www.interhotel-america.com\/de\/\" \/>\n<meta property=\"og:locale\" content=\"de_DE\" \/>\n<meta property=\"og:type\" content=\"article\" \/>\n<meta property=\"og:title\" content=\"INTERHOTEL AMERICA - Interhotel America\" \/>\n<meta property=\"og:description\" content=\"Das 4-Sterne Hotel Interhotel America liegt verkehrsg\u00fcnstig in der s\u00fcdb\u00f6hmischen Region zwischen idyllischen W\u00e4ldern und [&hellip;]\" \/>\n<meta property=\"og:url\" content=\"https:\/\/www.interhotel-america.com\/de\/\" \/>\n<meta property=\"og:site_name\" content=\"Interhotel America\" \/>\n<meta property=\"article:modified_time\" content=\"2025-11-18T18:46:19+00:00\" \/>\n<meta name=\"twitter:card\" content=\"summary_large_image\" \/>\n<meta name=\"twitter:label1\" content=\"Gesch\u00e4tzte Lesezeit\" \/>\n\t<meta name=\"twitter:data1\" content=\"2 Minuten\" \/>\n<script type=\"application\/ld+json\" class=\"yoast-schema-graph\">{\"@context\":\"https:\/\/schema.org\",\"@graph\":[{\"@type\":\"WebPage\",\"@id\":\"https:\/\/www.interhotel-america.com\/de\/\",\"url\":\"https:\/\/www.interhotel-america.com\/de\/\",\"name\":\"INTERHOTEL AMERICA - Interhotel America\",\"isPartOf\":{\"@id\":\"https:\/\/www.interhotel-america.com\/de\/#website\"},\"datePublished\":\"2020-03-13T15:39:27+00:00\",\"dateModified\":\"2025-11-18T18:46:19+00:00\",\"breadcrumb\":{\"@id\":\"https:\/\/www.interhotel-america.com\/de\/#breadcrumb\"},\"inLanguage\":\"de-DE\",\"potentialAction\":[{\"@type\":\"ReadAction\",\"target\":[\"https:\/\/www.interhotel-america.com\/de\/\"]}]},{\"@type\":\"BreadcrumbList\",\"@id\":\"https:\/\/www.interhotel-america.com\/de\/#breadcrumb\",\"itemListElement\":[{\"@type\":\"ListItem\",\"position\":1,\"name\":\"Home\",\"item\":\"https:\/\/www.interhotel-america.com\/de\/\"},{\"@type\":\"ListItem\",\"position\":2,\"name\":\"INTERHOTEL AMERICA\"}]},{\"@type\":\"WebSite\",\"@id\":\"https:\/\/www.interhotel-america.com\/de\/#website\",\"url\":\"https:\/\/www.interhotel-america.com\/de\/\",\"name\":\"Interhotel America\",\"description\":\"Just another ms.decms.eu site\",\"potentialAction\":[{\"@type\":\"SearchAction\",\"target\":{\"@type\":\"EntryPoint\",\"urlTemplate\":\"https:\/\/www.interhotel-america.com\/de\/?s={search_term_string}\"},\"query-input\":{\"@type\":\"PropertyValueSpecification\",\"valueRequired\":true,\"valueName\":\"search_term_string\"}}],\"inLanguage\":\"de-DE\"}]}<\/script>\n<!-- \/ Yoast SEO plugin. -->","yoast_head_json":{"title":"INTERHOTEL AMERICA - Interhotel America","robots":{"index":"index","follow":"follow","max-snippet":"max-snippet:-1","max-image-preview":"max-image-preview:large","max-video-preview":"max-video-preview:-1"},"canonical":"https:\/\/www.interhotel-america.com\/de\/","og_locale":"de_DE","og_type":"article","og_title":"INTERHOTEL AMERICA - Interhotel America","og_description":"Das 4-Sterne Hotel Interhotel America liegt verkehrsg\u00fcnstig in der s\u00fcdb\u00f6hmischen Region zwischen idyllischen W\u00e4ldern und [&hellip;]","og_url":"https:\/\/www.interhotel-america.com\/de\/","og_site_name":"Interhotel America","article_modified_time":"2025-11-18T18:46:19+00:00","twitter_card":"summary_large_image","twitter_misc":{"Gesch\u00e4tzte Lesezeit":"2 Minuten"},"schema":{"@context":"https:\/\/schema.org","@graph":[{"@type":"WebPage","@id":"https:\/\/www.interhotel-america.com\/de\/","url":"https:\/\/www.interhotel-america.com\/de\/","name":"INTERHOTEL AMERICA - Interhotel America","isPartOf":{"@id":"https:\/\/www.interhotel-america.com\/de\/#website"},"datePublished":"2020-03-13T15:39:27+00:00","dateModified":"2025-11-18T18:46:19+00:00","breadcrumb":{"@id":"https:\/\/www.interhotel-america.com\/de\/#breadcrumb"},"inLanguage":"de-DE","potentialAction":[{"@type":"ReadAction","target":["https:\/\/www.interhotel-america.com\/de\/"]}]},{"@type":"BreadcrumbList","@id":"https:\/\/www.interhotel-america.com\/de\/#breadcrumb","itemListElement":[{"@type":"ListItem","position":1,"name":"Home","item":"https:\/\/www.interhotel-america.com\/de\/"},{"@type":"ListItem","position":2,"name":"INTERHOTEL AMERICA"}]},{"@type":"WebSite","@id":"https:\/\/www.interhotel-america.com\/de\/#website","url":"https:\/\/www.interhotel-america.com\/de\/","name":"Interhotel America","description":"Just another ms.decms.eu site","potentialAction":[{"@type":"SearchAction","target":{"@type":"EntryPoint","urlTemplate":"https:\/\/www.interhotel-america.com\/de\/?s={search_term_string}"},"query-input":{"@type":"PropertyValueSpecification","valueRequired":true,"valueName":"search_term_string"}}],"inLanguage":"de-DE"}]}},"acf":[],"_links":{"self":[{"href":"https:\/\/www.interhotel-america.com\/de\/wp-json\/wp\/v2\/pages\/11","targetHints":{"allow":["GET"]}}],"collection":[{"href":"https:\/\/www.interhotel-america.com\/de\/wp-json\/wp\/v2\/pages"}],"about":[{"href":"https:\/\/www.interhotel-america.com\/de\/wp-json\/wp\/v2\/types\/page"}],"author":[{"embeddable":true,"href":"https:\/\/www.interhotel-america.com\/de\/wp-json\/wp\/v2\/users\/6"}],"replies":[{"embeddable":true,"href":"https:\/\/www.interhotel-america.com\/de\/wp-json\/wp\/v2\/comments?post=11"}],"version-history":[{"count":0,"href":"https:\/\/www.interhotel-america.com\/de\/wp-json\/wp\/v2\/pages\/11\/revisions"}],"wp:attachment":[{"href":"https:\/\/www.interhotel-america.com\/de\/wp-json\/wp\/v2\/media?parent=11"}],"curies":[{"name":"wp","href":"https:\/\/api.w.org\/{rel}","templated":true}]}}